{"id":62,"date":"2012-02-26T11:02:50","date_gmt":"2012-02-26T11:02:50","guid":{"rendered":"http:\/\/www.kopfblog.de\/?page_id=62"},"modified":"2012-03-06T18:39:45","modified_gmt":"2012-03-06T18:39:45","slug":"designers-skulls","status":"publish","type":"page","link":"http:\/\/www.kopfblog.de\/?page_id=62","title":{"rendered":"Designers Skulls"},"content":{"rendered":"<p>Hallo,<\/p>\n<p>Designers-Skull ist ein Projekt, das ich (<a title=\"Ekkehard Beck\" href=\"http:\/\/www.ekkehard-beck.de\" target=\"_blank\">Ekkehard Beck<\/a>) wohl im Januar\/Februar 2005 gestartet habe. Damals (\u2026 es war einmal) war ich erstens fasziniert von meinem Beruf (und bin es immer noch) und hatte zweitens Spa\u00df am gestalten von Dingbats Fonts gefunden. Ein ehemaliger <a title=\"Michael Hess\" href=\"http:\/\/www.designrocker.de\/\" target=\"_blank\">Arbeitskollege<\/a> bei <a title=\"Stankowski + Duschek\" href=\"http:\/\/www.st-du.de\" target=\"_blank\">Stankowski + Duschek<\/a>, zeigte mir ein Foto vom Interieur eine Szenekeipe auf dem unter Anderem eben auch ein Totenkopf abgebildet war, in einer Darstellungsvariante, die ich so zuvor noch nie gesehen hatte. Da war mein Ergeiz nat\u00fcrlich geweckt und ich wollte mal testen wie ich das Thema \u201eTotenkopf\u201c visualisieren w\u00fcrde. Und gut, wer den Stil von <a title=\"\u00dcber Anton Stankowski\" href=\"http:\/\/www.stankowski06.de\/\" target=\"_blank\">Anton Stankowski <\/a>kennt, von dem ich sehr beeinflusst bin, kann sich denken was dabei herauskam. Ein echter Quadratsch\u00e4del, der heute als Logo der ganzen Aktion dient. Nicht spektakul\u00e4r aber rasterbasiert. Schritt zwei lag auf der Hand, noch ein paar Varianten und dann alle Kollegen, Praktikanten, ex Praktikanten und sonstige Leute anfragen wie denn Ihre Interpretation des Themas aussehen w\u00fcrde.<br \/>\nDer eigentliche Ursprung der Kreativit\u00e4t liegt ja in der Begrenzung der Mittel bei feststehender Aufgabe. H\u00e4tte man von Jedem Alles, m\u00fcsste man sein Hirn nicht mehr anstrengen. So kamen dann \u00fcber 40 Totenk\u00f6pfe zusammen die ich dann in einem Font bei www.fontkitchen ver\u00f6ffentlichen k\u00f6nnte. (nat\u00fcrlich kostenlos). Fontkitchen gibt&#8217;s nicht mehr, aber denn Font kann man sich <a href=\"http:\/\/www.kopfblog.de\/designers-skulls.zip\">hier<\/a> gerne noch runterlasen.<br \/>\nDas Experiment stufte ich als \u201ewitzig, spannend und gegl\u00fcckt\u201c und vor allem als abgeschlossen ein. Was folgte war jedoch das Resultat aus meiner Eigenschaft nicht \u201eNein\u201c sagen zu k\u00f6nnen. Einige Leute waren traurig dar\u00fcber nicht mitgemacht zu haben und schickten mir unaufgefordert ihre Versionen zum Thema Totenkopf. Hierr\u00fcber nat\u00fcrlich zutiefst geschmeichelt stellte ich sie auf die frisch eingerichtete Internetseite <a title=\"Designers Skulls\" href=\"http:\/\/www.designers-skulls.de\">www.designers-skulls.de.<\/a> Im Laufe der Zeit wurden das aber doch eine ganze Menge und ich wusste nicht mehr wie ich das pr\u00e4sentieren sollte. So kam ich dann auf die Idee einen Wettbewerb zu starten, mit dem kleinen Hintergedanken nur noch einmal im Jahr Arbeit damit zu haben.<br \/>\nSeit 2006 vergebe ich nun den Titel \u201eSch\u00e4del des Jahres\u201c bzw. \u201eSkull of the year\u201c, mit einer tollen Jury und wahnsinnig kreativen Teilnehmern. Und das Ende setzen wir uns bekanntlich selbst \u2026<\/p>\n","protected":false},"excerpt":{"rendered":"<p>Hallo, Designers-Skull ist ein Projekt, das ich (Ekkehard Beck) wohl im Januar\/Februar 2005 gestartet habe. Damals (\u2026 es war einmal) war ich erstens fasziniert von meinem Beruf (und bin es immer noch) und hatte zweitens Spa\u00df am gestalten von Dingbats &hellip; <a href=\"http:\/\/www.kopfblog.de\/?page_id=62\">Weiterlesen <span class=\"meta-nav\">&rarr;<\/span><\/a><\/p>\n","protected":false},"author":1,"featured_media":0,"parent":0,"menu_order":0,"comment_status":"open","ping_status":"open","template":"","meta":[],"_links":{"self":[{"href":"http:\/\/www.kopfblog.de\/index.php?rest_route=\/wp\/v2\/pages\/62"}],"collection":[{"href":"http:\/\/www.kopfblog.de\/index.php?rest_route=\/wp\/v2\/pages"}],"about":[{"href":"http:\/\/www.kopfblog.de\/index.php?rest_route=\/wp\/v2\/types\/page"}],"author":[{"embeddable":true,"href":"http:\/\/www.kopfblog.de\/index.php?rest_route=\/wp\/v2\/users\/1"}],"replies":[{"embeddable":true,"href":"http:\/\/www.kopfblog.de\/index.php?rest_route=%2Fwp%2Fv2%2Fcomments&post=62"}],"version-history":[{"count":8,"href":"http:\/\/www.kopfblog.de\/index.php?rest_route=\/wp\/v2\/pages\/62\/revisions"}],"predecessor-version":[{"id":121,"href":"http:\/\/www.kopfblog.de\/index.php?rest_route=\/wp\/v2\/pages\/62\/revisions\/121"}],"wp:attachment":[{"href":"http:\/\/www.kopfblog.de\/index.php?rest_route=%2Fwp%2Fv2%2Fmedia&parent=62"}],"curies":[{"name":"wp","href":"https:\/\/api.w.org\/{rel}","templated":true}]}}